{"id":15338,"date":"2014-05-05T13:37:54","date_gmt":"2014-05-05T13:37:54","guid":{"rendered":"http:\/\/demo.qodeinteractive.com\/bridge3\/?page_id=15338"},"modified":"2026-04-15T12:48:17","modified_gmt":"2026-04-15T10:48:17","slug":"restaurant","status":"publish","type":"page","link":"https:\/\/www.hotel-am-laerchenberg.de\/home\/restaurant\/","title":{"rendered":"Restaurant"},"content":{"rendered":"<div class=\"wpb-content-wrapper\"><p>[vc_row css_animation=&#8220;&#8220; row_type=&#8220;row&#8220; use_row_as_full_screen_section=&#8220;no&#8220; type=&#8220;grid&#8220; anchor=&#8220;portfolio&#8220; angled_section=&#8220;no&#8220; text_align=&#8220;left&#8220; background_image_as_pattern=&#8220;without_pattern&#8220; background_color=&#8220;#ffffff&#8220; border_color=&#8220;#eeeeee&#8220; padding_top=&#8220;80&#8243; padding_bottom=&#8220;0&#8243;][vc_column][vc_column_text]<\/p>\n<h2 style=\"text-align: center;\">Das Restaurant<\/h2>\n<p>[\/vc_column_text][vc_separator type=&#8220;small&#8220; position=&#8220;center&#8220; color=&#8220;#818181&#8243; up=&#8220;13&#8243; down=&#8220;33&#8243;][vc_row_inner row_type=&#8220;row&#8220; type=&#8220;full_width&#8220; text_align=&#8220;left&#8220; css_animation=&#8220;&#8220;][vc_column_inner width=&#8220;1\/2&#8243;][vc_column_text css=&#8220;.vc_custom_1657095486856{padding-bottom: 20px !important;}&#8220;]Oberlausitzer Gastlichkeit erleben Sie auch in unserem Restaurant mit gro\u00dfem Wintergarten und Blick auf die umliegenden Bergen.<\/p>\n<p>&nbsp;<\/p>\n<p>Genie\u00dfen Sie regionale oder internationale Speisen, die unsere K\u00fcche frisch und schmackhaft zubereitet.<\/p>\n<p>&nbsp;<\/p>\n<h5 style=\"text-align: left;\">\u00d6ffnungszeiten<\/h5>\n<p style=\"text-align: left;\">Montag ab 17 Uhr<br \/>\nDienstag und Mittwoch Ruhetag<br \/>\nDonnerstag und Freitag von 11-14 Uhr und ab 17 Uhr<br \/>\nSamstag ab 17 Uhr<br \/>\nSonntag ab 11 Uhr<\/p>\n<p>*sowie nach Vereinbarung*[\/vc_column_text][vc_column_text]<\/p>\n<h5>Unsere R\u00e4umlichkeiten<\/h5>\n<p>Gastraum: 40 Pl\u00e4tze<br \/>\nWintergarten:<br \/>\n1. Raum: 50 Pl\u00e4tze<br \/>\n2. Raum: 30 Pl\u00e4tze<br \/>\nR\u00e4ume seperat oder als gro\u00dfer Raum nutzbar.<br \/>\nSonnenterasse: 40 Pl\u00e4tze<\/p>\n<p>&nbsp;<\/p>\n<p>Ideal f\u00fcr Ihre Familienfeier oder Ihr Firmenjubil\u00e4um bis 120 Personen.<\/p>\n<p>&nbsp;<\/p>\n<h5>Catering<\/h5>\n<p>Wollen Sie zu Hause feiern, empfiehlt sich unser Partyservice. W\u00e4hlen Sie dazu aus unseren Buffet-Vorschl\u00e4gen. Wir organisieren alles nach Ihren W\u00fcnschen!<\/p>\n<p>&nbsp;<\/p>\n<p>Wir sind gern Ihr Gastgeber!<\/p>\n<p>&nbsp;<\/p>\n<p>Kontaktdaten Gastst\u00e4tte:<br \/>\nTel. Nr. 03592\/500930<br \/>\nE-Mail.: <a href=\"mailto:gaststaette_am_laerchenberg@t-online.de\">gaststaette_am_laerchenberg@t-online.de<\/a>[\/vc_column_text][vc_separator type=&#8220;transparent&#8220; up=&#8220;79&#8243; down=&#8220;0&#8243;][\/vc_column_inner][vc_column_inner width=&#8220;1\/2&#8243;][vc_single_image image=&#8220;16136&#8243; img_size=&#8220;full&#8220; alignment=&#8220;center&#8220; qode_css_animation=&#8220;element_from_fade&#8220; transition_delay=&#8220;0.2&#8243;][vc_separator type=&#8220;transparent&#8220; thickness=&#8220;20&#8243; down=&#8220;0&#8243;][vc_single_image image=&#8220;16137&#8243; img_size=&#8220;full&#8220; qode_css_animation=&#8220;&#8220;][vc_separator type=&#8220;transparent&#8220; thickness=&#8220;40&#8243; down=&#8220;0&#8243;][\/vc_column_inner][vc_column_inner][\/vc_column_inner][\/vc_row_inner][\/vc_column][\/vc_row]<\/p>\n<\/div>","protected":false},"excerpt":{"rendered":"<p>[vc_row css_animation=&#8220;&#8220; row_type=&#8220;row&#8220; use_row_as_full_screen_section=&#8220;no&#8220; type=&#8220;grid&#8220; anchor=&#8220;portfolio&#8220; angled_section=&#8220;no&#8220; text_align=&#8220;left&#8220; background_image_as_pattern=&#8220;without_pattern&#8220; background_color=&#8220;#ffffff&#8220; border_color=&#8220;#eeeeee&#8220; padding_top=&#8220;80&#8243; padding_bottom=&#8220;0&#8243;][vc_column][vc_column_text] Das Restaurant [\/vc_column_text][vc_separator type=&#8220;small&#8220; position=&#8220;center&#8220; color=&#8220;#818181&#8243; up=&#8220;13&#8243; down=&#8220;33&#8243;][vc_row_inner row_type=&#8220;row&#8220; type=&#8220;full_width&#8220; text_align=&#8220;left&#8220; css_animation=&#8220;&#8220;][vc_column_inner width=&#8220;1\/2&#8243;][vc_column_text css=&#8220;.vc_custom_1657095486856{padding-bottom: 20px !important;}&#8220;]Oberlausitzer Gastlichkeit erleben Sie auch in unserem Restaurant mit gro\u00dfem Wintergarten und Blick auf die umliegenden Bergen&#8230;.<\/p>\n","protected":false},"author":1,"featured_media":0,"parent":0,"menu_order":0,"comment_status":"open","ping_status":"open","template":"full_width.php","meta":{"footnotes":""},"class_list":["post-15338","page","type-page","status-publish","hentry"],"_links":{"self":[{"href":"https:\/\/www.hotel-am-laerchenberg.de\/home\/wp-json\/wp\/v2\/pages\/15338","targetHints":{"allow":["GET"]}}],"collection":[{"href":"https:\/\/www.hotel-am-laerchenberg.de\/home\/wp-json\/wp\/v2\/pages"}],"about":[{"href":"https:\/\/www.hotel-am-laerchenberg.de\/home\/wp-json\/wp\/v2\/types\/page"}],"author":[{"embeddable":true,"href":"https:\/\/www.hotel-am-laerchenberg.de\/home\/wp-json\/wp\/v2\/users\/1"}],"replies":[{"embeddable":true,"href":"https:\/\/www.hotel-am-laerchenberg.de\/home\/wp-json\/wp\/v2\/comments?post=15338"}],"version-history":[{"count":24,"href":"https:\/\/www.hotel-am-laerchenberg.de\/home\/wp-json\/wp\/v2\/pages\/15338\/revisions"}],"predecessor-version":[{"id":16098,"href":"https:\/\/www.hotel-am-laerchenberg.de\/home\/wp-json\/wp\/v2\/pages\/15338\/revisions\/16098"}],"wp:attachment":[{"href":"https:\/\/www.hotel-am-laerchenberg.de\/home\/wp-json\/wp\/v2\/media?parent=15338"}],"curies":[{"name":"wp","href":"https:\/\/api.w.org\/{rel}","templated":true}]}}