{"id":14495,"date":"2014-03-28T11:27:19","date_gmt":"2014-03-28T11:27:19","guid":{"rendered":"http:\/\/demo.qodeinteractive.com\/bridge3\/?page_id=14495"},"modified":"2026-04-15T12:47:57","modified_gmt":"2026-04-15T10:47:57","slug":"freizeit","status":"publish","type":"page","link":"https:\/\/www.hotel-am-laerchenberg.de\/home\/freizeit\/","title":{"rendered":"Freizeit"},"content":{"rendered":"<div class=\"wpb-content-wrapper\"><p>[vc_row css_animation=&#8220;&#8220; row_type=&#8220;row&#8220; use_row_as_full_screen_section=&#8220;no&#8220; type=&#8220;grid&#8220; angled_section=&#8220;no&#8220; text_align=&#8220;left&#8220; background_image_as_pattern=&#8220;without_pattern&#8220; background_color=&#8220;#ffffff&#8220; border_color=&#8220;#eeeeee&#8220; padding_top=&#8220;73&#8243; padding_bottom=&#8220;80&#8243;][vc_column][vc_column_text]<\/p>\n<h2 style=\"text-align: center;\">Freizeit<\/h2>\n<p>[\/vc_column_text][vc_separator type=&#8220;small&#8220; position=&#8220;center&#8220; up=&#8220;20&#8243; down=&#8220;80&#8243;][vc_column_text]<\/p>\n<p style=\"text-align: center;\">Abseits vom Stra\u00dfenl\u00e4rm, im Gr\u00fcnen, mit Blick auf die umliegenden Berge befindet sich unser Hotel. Direkt am Haus beginnen reizvolle Wander- und Radwege. Von hier aus k\u00f6nnen Sie zu Fu\u00df oder per Rad die sch\u00f6ne Umgebung der Oberlausitz erkunden. In ruhiger Atmosph\u00e4re k\u00f6nnen Sie sich von Ihren Wander- oder Radtouren erholen oder das Freizeitangebot des Hauses nutzen, zum Beispiel Schach oder Minigolf.<\/p>\n<p>[\/vc_column_text][vc_separator type=&#8220;transparent&#8220; thickness=&#8220;40&#8243;][vc_row_inner row_type=&#8220;row&#8220; type=&#8220;full_width&#8220; text_align=&#8220;left&#8220; css_animation=&#8220;&#8220;][vc_column_inner width=&#8220;1\/2&#8243;][vc_column_text]Durch die g\u00fcnstige Lage lassen sich von Schirgiswalde aus alle Sehensw\u00fcrdigkeiten und Ausflugsziele, die unsere Gegend, die Oberlausitz, zu bieten hat, schnell und problemlos erreichen.<\/p>\n<p>&nbsp;<\/p>\n<p>F\u00fcr weitere Ausk\u00fcnfte und Tipps stehen Ihnen die Mitarbeiter an der Rezeption gern zur Verf\u00fcgung.<\/p>\n<p>&nbsp;<\/p>\n<p>Gern gestalten wir auch ein auf Sie abgestimmtes Programm, das Ihnen hilft, unsere Heimat, sowie Land und Leute etwas n\u00e4her kennen zu lernen.<\/p>\n<p>&nbsp;<\/p>\n<p>Bei einem Bummel durch Schirgiswalde erfahren Sie im Heimatmuseum mehr \u00fcber die interessante Geschichte der Stadt, so zum Beispiel, dass sie f\u00fcr einige Jahre sogar eine eigenst\u00e4ndige Republik war.<\/p>\n<p>&nbsp;<\/p>\n<p>Sehenswert ist ebenso das Wahrzeichen von Schirgiswalde die katholische Pfarrkirche Mari\u00e4 Himmelfahrt.[\/vc_column_text][vc_separator type=&#8220;transparent&#8220; thickness=&#8220;40&#8243;][\/vc_column_inner][vc_column_inner width=&#8220;1\/2&#8243;][vc_single_image image=&#8220;16086&#8243; img_size=&#8220;full&#8220; qode_css_animation=&#8220;&#8220;][\/vc_column_inner][\/vc_row_inner][vc_row_inner row_type=&#8220;row&#8220; type=&#8220;full_width&#8220; text_align=&#8220;left&#8220; css_animation=&#8220;&#8220;][vc_column_inner width=&#8220;1\/2&#8243;][vc_column_text]<\/p>\n<h5>Radfahren in der Oberlausitz<\/h5>\n<p>&nbsp;<\/p>\n<p>Mit dem Rad durch die Oberlausitz. Biker sind uns herzlich willkommen, liegt unser Hotel doch direkt am Umgebindehaus- und Spreeradweg. Wir sind Partner von Oberlausitz per Rad, vermitteln Reparaturservice, bieten Kartenmaterial und organisieren f\u00fcr Sie auf Wunsch Ausfl\u00fcge und Verpflegung.<br \/>\nEmpfehlenswert sind die &#8222;Radtouren im Oberlausitzer Bergland&#8220;:<\/p>\n<p>&nbsp;<\/p>\n<p>Tour 1: Auf den Spuren des Weinbrands &#8211; 32 km<br \/>\nTour 2: Grenzlandtour &#8211; 47 km<br \/>\nTour 3: Umgebindeh\u00e4user in Oberlausitzer D\u00f6rfern &#8211; 46 km<br \/>\nTour 4: Oberlausitzer St\u00e4dte &#8211; 100 km<br \/>\nTour 5: Von der Silbermannorgel zum Alten Fritz &#8211; 65 km<\/p>\n<p>&nbsp;<\/p>\n<p>oder<\/p>\n<p>&nbsp;<\/p>\n<p>Die gem\u00fctliche Tour, auch f\u00fcr Familien geeignet:<br \/>\n4 spezielle Radtouren (Haustouren) mit Start und Ziel beim Hotel &amp; Freizeitpark Am L\u00e4rchenberg (L\u00e4nge 17-30 km).<\/p>\n<p>&nbsp;<\/p>\n<p>N\u00e4here Informationen, auch zu unseren Haustouren, senden wir Ihnen auf Wunsch gerne zu.<\/p>\n<p>[\/vc_column_text][\/vc_column_inner][vc_column_inner width=&#8220;1\/2&#8243;][vc_column_text]<\/p>\n<h5>Wandern ab dem Hotel<\/h5>\n<p>&nbsp;<\/p>\n<p>Die sch\u00f6ne Landschaft der Oberlausitz l\u00e4dt besonders zur naturnahen Freizeitgestaltung, wie z.B. Wandern oder Radwandern ein. \u00dcber gut ausgeschilderte Wanderwege erreichen Sie Ausflugsziele wie den Bieleboh*, Czorneboh*, M\u00f6nchswalder Berg*, Valtenberg* oder den Picho* mit ihren Bauden, in denen Sie sich eine Pause g\u00f6nnen und verschnaufen k\u00f6nnen.<br \/>\nEmpfehlenswert sind auch unsere 8 Rundwanderungen (* Berg der Oberlausitz).<\/p>\n<p>&nbsp;<\/p>\n<p>Als Wanderangebot ohne Gep\u00e4ck empfehlen wir die Berglandtour entlang der Umgebindeh\u00e4user zu den 3 Quellen der Spree.<\/p>\n<p>&nbsp;<\/p>\n<h5>Wandern in der Umgebung<\/h5>\n<p>Sie \u00fcbernachten im landschaftlich sch\u00f6n und ruhig gelegenem Hotel Am L\u00e4rchenberg in der &#8222;Perle der Oberlausitz&#8220; Schirgiswalde. Von hier aus starten Sie Ihre Wandertouren, die Sie je nach Kondition als Tages- oder Halbtagstouren gestalten k\u00f6nnen.<\/p>\n<p>&nbsp;<\/p>\n<p>Unsere Vorschl\u00e4ge sind:<\/p>\n<p>Wanderung zum M\u00f6nchswalder Berg (Vom rekonstruierten Aussichtsturm genie\u00dfen Sie herrliche Aussichten nach Nordb\u00f6hmen, ins Zittauer- und Isergebirge sowie die s\u00e4chsische Schweiz)<\/p>\n<p>&nbsp;<\/p>\n<p>Wanderung \u00fcber Neukirch auf den mit 587 m h\u00f6chst gelegenem Berg der Oberlausitz, den Valtenberg.<\/p>\n<p>&nbsp;<\/p>\n<p>Umgebindeh\u00e4user und sch\u00f6ne Ausblicke bestaunen in Weifa &#8211; einem der sch\u00f6nsten Orte des Oberlausitzer Berglandes.<\/p>\n<p>&nbsp;<\/p>\n<p>Wanderung \u00fcber die K\u00e4lbersteine nach Crostau und dort Besichtigung der Kirche mit Silbermannorgel.<\/p>\n<p>&nbsp;<\/p>\n<p>Ausflug in die Tschechische Republik \u00fcber Sohland nach Rozany und Sluknov &#8230; weitere Tourenvorschl\u00e4ge halten wir an der Rezeption f\u00fcr Sie bereit.[\/vc_column_text][\/vc_column_inner][\/vc_row_inner][\/vc_column][\/vc_row]<\/p>\n<\/div>","protected":false},"excerpt":{"rendered":"<p>[vc_row css_animation=&#8220;&#8220; row_type=&#8220;row&#8220; use_row_as_full_screen_section=&#8220;no&#8220; type=&#8220;grid&#8220; angled_section=&#8220;no&#8220; text_align=&#8220;left&#8220; background_image_as_pattern=&#8220;without_pattern&#8220; background_color=&#8220;#ffffff&#8220; border_color=&#8220;#eeeeee&#8220; padding_top=&#8220;73&#8243; padding_bottom=&#8220;80&#8243;][vc_column][vc_column_text] Freizeit [\/vc_column_text][vc_separator type=&#8220;small&#8220; position=&#8220;center&#8220; up=&#8220;20&#8243; down=&#8220;80&#8243;][vc_column_text] Abseits vom Stra\u00dfenl\u00e4rm, im Gr\u00fcnen, mit Blick auf die umliegenden Berge befindet sich unser Hotel. Direkt am Haus beginnen reizvolle Wander- und Radwege. Von hier aus k\u00f6nnen&#8230;<\/p>\n","protected":false},"author":1,"featured_media":0,"parent":0,"menu_order":0,"comment_status":"open","ping_status":"open","template":"full_width.php","meta":{"footnotes":""},"class_list":["post-14495","page","type-page","status-publish","hentry"],"_links":{"self":[{"href":"https:\/\/www.hotel-am-laerchenberg.de\/home\/wp-json\/wp\/v2\/pages\/14495","targetHints":{"allow":["GET"]}}],"collection":[{"href":"https:\/\/www.hotel-am-laerchenberg.de\/home\/wp-json\/wp\/v2\/pages"}],"about":[{"href":"https:\/\/www.hotel-am-laerchenberg.de\/home\/wp-json\/wp\/v2\/types\/page"}],"author":[{"embeddable":true,"href":"https:\/\/www.hotel-am-laerchenberg.de\/home\/wp-json\/wp\/v2\/users\/1"}],"replies":[{"embeddable":true,"href":"https:\/\/www.hotel-am-laerchenberg.de\/home\/wp-json\/wp\/v2\/comments?post=14495"}],"version-history":[{"count":14,"href":"https:\/\/www.hotel-am-laerchenberg.de\/home\/wp-json\/wp\/v2\/pages\/14495\/revisions"}],"predecessor-version":[{"id":16109,"href":"https:\/\/www.hotel-am-laerchenberg.de\/home\/wp-json\/wp\/v2\/pages\/14495\/revisions\/16109"}],"wp:attachment":[{"href":"https:\/\/www.hotel-am-laerchenberg.de\/home\/wp-json\/wp\/v2\/media?parent=14495"}],"curies":[{"name":"wp","href":"https:\/\/api.w.org\/{rel}","templated":true}]}}